{"id":5024,"date":"2019-09-16T17:29:52","date_gmt":"2019-09-16T17:29:52","guid":{"rendered":"https:\/\/chubutpatagonia.gob.ar\/informacion-para-viajeros-sobre-covid-19\/"},"modified":"2020-11-13T18:20:44","modified_gmt":"2020-11-13T18:20:44","slug":"informacion-para-viajeros-sobre-covid-19","status":"publish","type":"page","link":"https:\/\/chubutpatagonia.gob.ar\/en\/informacion-para-viajeros-sobre-covid-19\/","title":{"rendered":"Informaci\u00f3n y Recursos para Viajeros sobre el COVID-19"},"content":{"rendered":"\r\n<h2 class=\"wp-block-heading\"><strong>Nuestra prioridad es su seguridad<\/strong><\/h2>\r\n\r\n\r\n\r\n<p><span style=\"font-weight: 400;\">La seguridad de quienes nos visitan es nuestra m\u00e1xima prioridad. Hemos trabajado intensamente con funcionarios de salud p\u00fablica y los empresarios del sector para preparar y aplicar protocolos de sanidad, para que todos los servicios tur\u00edsticos y cada destino de Chubut est\u00e9n preparados para recibirlos pr\u00f3ximamente. <\/span><b>#ChubutEsTuViaje!<\/b><br \/><br \/><\/p>\r\n\r\n\r\n\r\n\r\n\r\n<h3 class=\"wp-block-heading\">Consejos para la salud y la seguridad<\/h3>\r\n\r\n\r\n\r\n<p><b>Para evitar la propagaci\u00f3n del COVID-19<\/b><span style=\"font-weight: 400;\">, todas las personas que habitan en el pa\u00eds o se encuentren en \u00e9l en forma temporaria deber\u00e1n permanecer en sus domicilios habituales o en donde se encontraban a las 00:00 horas del d\u00eda 20 de marzo de 2020.<\/span><\/p>\r\n<p><b>Hasta el 24 de Mayo inclusive, deber\u00e1n abstenerse de concurrir a sus lugares de trabajo y no podr\u00e1n circular por rutas, v\u00edas y espacios p\u00fablicos.<\/b><\/p>\r\n<p><span style=\"font-weight: 400;\">Solo podr\u00e1n realizar\u00a0<b>desplazamientos m\u00ednimos e indispensables<\/b>\u00a0para\u00a0<b>aprovisionarse de art\u00edculos de limpieza, medicamentos y alimentos<\/b>.<\/span><\/p>\r\n<p><span style=\"font-weight: 400;\">Encontr\u00e1 toda la informaci\u00f3n y qui\u00e9nes est\u00e1n exceptuados en <\/span><a href=\"https:\/\/argentina.gob.ar\/coronavirus\"><b>argentina.gob.ar\/coronavirus<\/b><\/a><span style=\"font-weight: 400;\">.<\/span><\/p>\r\n<p><b>Quedate en casa y segu\u00ed las recomendaciones del Ministerio de Salud de la Naci\u00f3n y el Ministerio de Salud de Chubut:<\/b><\/p>\r\n<ul>\r\n<li style=\"font-weight: 400;\"><span style=\"font-weight: 400;\">Lavarse las manos frecuentemente con agua y jab\u00f3n.<\/span><\/li>\r\n<li style=\"font-weight: 400;\"><span style=\"font-weight: 400;\">Al toser o estornudar, cubrirse la nariz y la boca con el pliegue del codo.<\/span><\/li>\r\n<li style=\"font-weight: 400;\"><span style=\"font-weight: 400;\">No llevarse las manos a los ojos y la nariz.<\/span><\/li>\r\n<li style=\"font-weight: 400;\"><span style=\"font-weight: 400;\">Ventilar los ambientes.<\/span><\/li>\r\n<li style=\"font-weight: 400;\"><span style=\"font-weight: 400;\">Desinfectar los objetos que se usan con frecuencia.<\/span><\/li>\r\n<li><span style=\"font-weight: 400;\">Importante: <strong>El uso de barbijo es OBLIGATORIO en Chubut<\/strong>.<br \/><br \/><\/span><\/li>\r\n<\/ul>\r\n\r\n\r\n\r\n<h3 class=\"wp-block-heading\">Cuidarte es Cuidarnos<\/h3>\r\n\r\n\r\n\r\n<h6><strong>Enlaces a recursos y medios de comunicaciones:<\/strong><\/h6>\r\n<p><strong>Ministerio de Salud de la Provincia del Chubut:<\/strong><br \/>Sitio web: <a href=\"https:\/\/www.ministeriodesalud.chubut.gov.ar\/ministerio-de-salud\/epidemiologia\/coronavirus\/\">www.ministeriodesalud.chubut.gov.ar<\/a><br \/>Tel\u00e9fono: <strong>0800-222-7626<\/strong><\/p>\r\n<p><strong>Gobierno de la Provincia del Chubut:<\/strong> <br \/>Sitio web: <strong><a href=\"https:\/\/chubut.gov.ar\/site\/inicio\">www.chubut.gov.ar\/site\/inicio<\/a><br \/><br \/>Gobierno de la Rep\u00fablica Argentina<br \/><\/strong>Sitio web: <strong><a href=\"https:\/\/argentina.gob.ar\/coronavirus\"><b>argentina.gob.ar\/coronavirus<\/b><\/a><br \/><\/strong>Tel\u00e9fono: <strong>0800-222-1002<\/strong><\/p>\r\n<p>&nbsp;<\/p>\r\n\r\n\r\n","protected":false},"excerpt":{"rendered":"<p>Nuestra prioridad es su seguridad La seguridad de quienes nos visitan es nuestra m\u00e1xima prioridad. Hemos trabajado intensamente con funcionarios de salud p\u00fablica y los empresarios del sector para preparar y aplicar protocolos de sanidad, para que todos los servicios tur\u00edsticos y cada destino de Chubut est\u00e9n preparados para recibirlos pr\u00f3ximamente. #ChubutEsTuViaje! Consejos para la salud y la seguridad Para evitar la propagaci\u00f3n del COVID-19, todas las personas que habitan en el pa\u00eds o se encuentren en \u00e9l en forma [&hellip;]<\/p>\n","protected":false},"author":1,"featured_media":0,"parent":0,"menu_order":0,"comment_status":"closed","ping_status":"closed","template":"","meta":{"footnotes":""},"class_list":["post-5024","page","type-page","status-publish","hentry"],"yoast_head":"<!-- This site is optimized with the Yoast SEO plugin v25.5 - https:\/\/yoast.com\/wordpress\/plugins\/seo\/ -->\n<title>Informaci\u00f3n y Recursos para Viajeros sobre el COVID-19 - Chubut Patagonia Argentina<\/title>\n<meta name=\"robots\" content=\"index, follow, max-snippet:-1, max-image-preview:large, max-video-preview:-1\" \/>\n<link rel=\"canonical\" href=\"https:\/\/chubutpatagonia.gob.ar\/en\/informacion-para-viajeros-sobre-covid-19\/\" \/>\n<meta property=\"og:locale\" content=\"en_US\" \/>\n<meta property=\"og:type\" content=\"article\" \/>\n<meta property=\"og:title\" content=\"Informaci\u00f3n y Recursos para Viajeros sobre el COVID-19 - Chubut Patagonia Argentina\" \/>\n<meta property=\"og:description\" content=\"Nuestra prioridad es su seguridad La seguridad de quienes nos visitan es nuestra m\u00e1xima prioridad. Hemos trabajado intensamente con funcionarios de salud p\u00fablica y los empresarios del sector para preparar y aplicar protocolos de sanidad, para que todos los servicios tur\u00edsticos y cada destino de Chubut est\u00e9n preparados para recibirlos pr\u00f3ximamente. #ChubutEsTuViaje! Consejos para la salud y la seguridad Para evitar la propagaci\u00f3n del COVID-19, todas las personas que habitan en el pa\u00eds o se encuentren en \u00e9l en forma [&hellip;]\" \/>\n<meta property=\"og:url\" content=\"https:\/\/chubutpatagonia.gob.ar\/en\/informacion-para-viajeros-sobre-covid-19\/\" \/>\n<meta property=\"og:site_name\" content=\"Chubut Patagonia Argentina\" \/>\n<meta property=\"article:modified_time\" content=\"2020-11-13T18:20:44+00:00\" \/>\n<meta name=\"twitter:card\" content=\"summary_large_image\" \/>\n<meta name=\"twitter:label1\" content=\"Est. reading time\" \/>\n\t<meta name=\"twitter:data1\" content=\"2 minutes\" \/>\n<script type=\"application\/ld+json\" class=\"yoast-schema-graph\">{\"@context\":\"https:\/\/schema.org\",\"@graph\":[{\"@type\":\"WebPage\",\"@id\":\"https:\/\/chubutpatagonia.gob.ar\/en\/informacion-para-viajeros-sobre-covid-19\/\",\"url\":\"https:\/\/chubutpatagonia.gob.ar\/en\/informacion-para-viajeros-sobre-covid-19\/\",\"name\":\"Informaci\u00f3n y Recursos para Viajeros sobre el COVID-19 - Chubut Patagonia Argentina\",\"isPartOf\":{\"@id\":\"https:\/\/chubutpatagonia.gob.ar\/#website\"},\"datePublished\":\"2019-09-16T17:29:52+00:00\",\"dateModified\":\"2020-11-13T18:20:44+00:00\",\"breadcrumb\":{\"@id\":\"https:\/\/chubutpatagonia.gob.ar\/en\/informacion-para-viajeros-sobre-covid-19\/#breadcrumb\"},\"inLanguage\":\"en-US\",\"potentialAction\":[{\"@type\":\"ReadAction\",\"target\":[\"https:\/\/chubutpatagonia.gob.ar\/en\/informacion-para-viajeros-sobre-covid-19\/\"]}]},{\"@type\":\"BreadcrumbList\",\"@id\":\"https:\/\/chubutpatagonia.gob.ar\/en\/informacion-para-viajeros-sobre-covid-19\/#breadcrumb\",\"itemListElement\":[{\"@type\":\"ListItem\",\"position\":1,\"name\":\"Inicio\",\"item\":\"https:\/\/chubutpatagonia.gob.ar\/en\/\"},{\"@type\":\"ListItem\",\"position\":2,\"name\":\"Informaci\u00f3n y Recursos para Viajeros sobre el COVID-19\"}]},{\"@type\":\"WebSite\",\"@id\":\"https:\/\/chubutpatagonia.gob.ar\/#website\",\"url\":\"https:\/\/chubutpatagonia.gob.ar\/\",\"name\":\"Chubut Patagonia Argentina\",\"description\":\"german\",\"potentialAction\":[{\"@type\":\"SearchAction\",\"target\":{\"@type\":\"EntryPoint\",\"urlTemplate\":\"https:\/\/chubutpatagonia.gob.ar\/?s={search_term_string}\"},\"query-input\":{\"@type\":\"PropertyValueSpecification\",\"valueRequired\":true,\"valueName\":\"search_term_string\"}}],\"inLanguage\":\"en-US\"}]}<\/script>\n<!-- \/ Yoast SEO plugin. -->","yoast_head_json":{"title":"Informaci\u00f3n y Recursos para Viajeros sobre el COVID-19 - Chubut Patagonia Argentina","robots":{"index":"index","follow":"follow","max-snippet":"max-snippet:-1","max-image-preview":"max-image-preview:large","max-video-preview":"max-video-preview:-1"},"canonical":"https:\/\/chubutpatagonia.gob.ar\/en\/informacion-para-viajeros-sobre-covid-19\/","og_locale":"en_US","og_type":"article","og_title":"Informaci\u00f3n y Recursos para Viajeros sobre el COVID-19 - Chubut Patagonia Argentina","og_description":"Nuestra prioridad es su seguridad La seguridad de quienes nos visitan es nuestra m\u00e1xima prioridad. Hemos trabajado intensamente con funcionarios de salud p\u00fablica y los empresarios del sector para preparar y aplicar protocolos de sanidad, para que todos los servicios tur\u00edsticos y cada destino de Chubut est\u00e9n preparados para recibirlos pr\u00f3ximamente. #ChubutEsTuViaje! Consejos para la salud y la seguridad Para evitar la propagaci\u00f3n del COVID-19, todas las personas que habitan en el pa\u00eds o se encuentren en \u00e9l en forma [&hellip;]","og_url":"https:\/\/chubutpatagonia.gob.ar\/en\/informacion-para-viajeros-sobre-covid-19\/","og_site_name":"Chubut Patagonia Argentina","article_modified_time":"2020-11-13T18:20:44+00:00","twitter_card":"summary_large_image","twitter_misc":{"Est. reading time":"2 minutes"},"schema":{"@context":"https:\/\/schema.org","@graph":[{"@type":"WebPage","@id":"https:\/\/chubutpatagonia.gob.ar\/en\/informacion-para-viajeros-sobre-covid-19\/","url":"https:\/\/chubutpatagonia.gob.ar\/en\/informacion-para-viajeros-sobre-covid-19\/","name":"Informaci\u00f3n y Recursos para Viajeros sobre el COVID-19 - Chubut Patagonia Argentina","isPartOf":{"@id":"https:\/\/chubutpatagonia.gob.ar\/#website"},"datePublished":"2019-09-16T17:29:52+00:00","dateModified":"2020-11-13T18:20:44+00:00","breadcrumb":{"@id":"https:\/\/chubutpatagonia.gob.ar\/en\/informacion-para-viajeros-sobre-covid-19\/#breadcrumb"},"inLanguage":"en-US","potentialAction":[{"@type":"ReadAction","target":["https:\/\/chubutpatagonia.gob.ar\/en\/informacion-para-viajeros-sobre-covid-19\/"]}]},{"@type":"BreadcrumbList","@id":"https:\/\/chubutpatagonia.gob.ar\/en\/informacion-para-viajeros-sobre-covid-19\/#breadcrumb","itemListElement":[{"@type":"ListItem","position":1,"name":"Inicio","item":"https:\/\/chubutpatagonia.gob.ar\/en\/"},{"@type":"ListItem","position":2,"name":"Informaci\u00f3n y Recursos para Viajeros sobre el COVID-19"}]},{"@type":"WebSite","@id":"https:\/\/chubutpatagonia.gob.ar\/#website","url":"https:\/\/chubutpatagonia.gob.ar\/","name":"Chubut Patagonia Argentina","description":"german","potentialAction":[{"@type":"SearchAction","target":{"@type":"EntryPoint","urlTemplate":"https:\/\/chubutpatagonia.gob.ar\/?s={search_term_string}"},"query-input":{"@type":"PropertyValueSpecification","valueRequired":true,"valueName":"search_term_string"}}],"inLanguage":"en-US"}]}},"_links":{"self":[{"href":"https:\/\/chubutpatagonia.gob.ar\/en\/wp-json\/wp\/v2\/pages\/5024"}],"collection":[{"href":"https:\/\/chubutpatagonia.gob.ar\/en\/wp-json\/wp\/v2\/pages"}],"about":[{"href":"https:\/\/chubutpatagonia.gob.ar\/en\/wp-json\/wp\/v2\/types\/page"}],"author":[{"embeddable":true,"href":"https:\/\/chubutpatagonia.gob.ar\/en\/wp-json\/wp\/v2\/users\/1"}],"replies":[{"embeddable":true,"href":"https:\/\/chubutpatagonia.gob.ar\/en\/wp-json\/wp\/v2\/comments?post=5024"}],"version-history":[{"count":1,"href":"https:\/\/chubutpatagonia.gob.ar\/en\/wp-json\/wp\/v2\/pages\/5024\/revisions"}],"predecessor-version":[{"id":5580,"href":"https:\/\/chubutpatagonia.gob.ar\/en\/wp-json\/wp\/v2\/pages\/5024\/revisions\/5580"}],"wp:attachment":[{"href":"https:\/\/chubutpatagonia.gob.ar\/en\/wp-json\/wp\/v2\/media?parent=5024"}],"curies":[{"name":"wp","href":"https:\/\/api.w.org\/{rel}","templated":true}]}}